{"id":24,"date":"2020-04-06T21:36:32","date_gmt":"2020-04-06T19:36:32","guid":{"rendered":"https:\/\/nfhotel.pl\/?page_id=24"},"modified":"2022-06-21T09:25:38","modified_gmt":"2022-06-21T07:25:38","slug":"booking-engine","status":"publish","type":"page","link":"https:\/\/nfhotel.pl\/en\/booking-engine","title":{"rendered":"Booking Engine NFHotel | online reservations"},"content":{"rendered":"<p class=\"has-text-align-center\"><strong>Booking Engine <\/strong>This is an online booking form on the website. It&#039;s your virtual receptionist! <\/p>\n\n\n\n<p class=\"has-text-align-center\">Thanks to it, guests can check the availability of the dates they are interested in, compare prices and, above all, make a reservation.<\/p>\n\n\n\n<h2 class=\"wp-block-heading\">What is Booking Engine<\/h2>\n\n\n\n<p>Booking Engine is the so-called <strong>booking engine<\/strong> allowing potential guests to make online reservations for your property, directly on your website. This is one of the most profitable sales channels. By providing a Booking Engine on your website, you become independent from intermediaries. <strong>And you get more bookings<\/strong>.<\/p>\n\n\n\n<div class=\"h1\">Why is it worth it?<\/div>\n\n\n\n<p>Over 70% of sales are already taking place online. Your guests buy online every day, they&#039;re familiar with online payments, and they&#039;re familiar with similar systems. Just like they buy an item, they also want to make a reservation. At any time, at their convenience. Without waiting for a response from the property about availability. Booking Engine makes this possible. It&#039;s the system for selling your accommodations online via your website. And if you prefer to call, believe me, they will! <\/p>\n\n\n\n<p>This is a bonus that will attract bookings from those who prefer online travel\u2014and the success of OTAs didn&#039;t come out of nowhere\u2014there are a lot of them. Let them book their stay on your website.<\/p>\n\n\n\n<h2 class=\"wp-block-heading\">How does the Booking Engine work?<\/h2>\n\n\n\n<p>By adding a button <strong>BOOK <\/strong>On the website, your guests will be redirected directly to the online booking module after clicking it. A list of rooms for the selected available dates, for the specified number of guests, photos, descriptions, and a list of amenities for each room type... This information will allow your guests to fully explore the property&#039;s offerings. The Booking Engine uses the data you provide in NFHotel. It also retrieves available dates from NFHotel. Therefore, if you enter a phone reservation for May 1-3 in room no. 5, the Booking Engine will see that the room is occupied on that date and will not display it.<\/p>\n\n\n\n<h3 class=\"wp-block-heading\">Booking Engine Appearance<\/h3>\n\n\n\n<p>We customize the booking module, also known as a widget, to fit the website. This ensures a consistent look and feel. The buttons contain a CTA, a message encouraging bookings. We&#039;ll customize the appearance of our booking module to ensure it looks great on the website.<\/p>\n\n\n\n<h3 class=\"wp-block-heading\">Price lists in Booking Engine<\/h3>\n\n\n\n<p>In NFHotel, you set all your price lists and restrictions. These can be the same prices as in other channels, or you can create your own. You determine whether reservations via the Booking Engine will be paid immediately, the deposit due date and amount. Price lists are based on seasonality, holiday seasons, and what guests prefer \u2013 packages. For example, a bottle of wine for a weekend for two, special packages for Easter and Christmas, or perhaps a New Year&#039;s Eve ball? Our Booking Engine has it all.<\/p>\n\n\n\n<div class=\"h1\">Online payment when booking<\/div>\n\n\n\n<p>After selecting the offer that meets your expectations, your future guest completes the reservation form with the necessary information and selects the payment method: online, by credit card, or traditional bank transfer. NFHotel offers instant online payments and processes the payment itself.<\/p>\n\n\n\n<div class=\"h1\">Automation<\/div>\n\n\n\n<p>First, every reservation made using the Booking Engine is automatically added to the PMS reservation calendar. Program users are then notified via email or text message about the new reservation. The system then sends future guests confirmation messages and payment receipt notifications. In summary, <strong>Booking Engine<\/strong> This means more time for the reception to accept direct reservations and take care of guests.<\/p>\n\n\n\n<h2 class=\"wp-block-heading\">How much does Booking Engine cost?<\/h2>\n\n\n\n<p>The Booking Engine costs 2.91 TP3T commission on completed online bookings. Therefore, you only pay for those that actually result from the booking engine. We charge an installation fee upon initial setup. You can install the booking engine on virtually any website.<\/p>\n\n\n\n<div class=\"h1\">24\/7 booking system<\/div>\n\n\n\n<p class=\"has-text-align-center\">Enjoy new bookings with your virtual receptionist today! Booking Engine is available in all hotel software versions. It works 24\/7, 365 days a year. Guests can access the website and make a reservation at any time. <br><\/p>","protected":false},"excerpt":{"rendered":"<p>Booking Engine jest to formularz rezerwacji on-line na stronie internetowej. To Tw\u00f3j wirtualny recepcjonista! Dzi\u0119ki niemu go\u015bcie sami mog\u0105 sprawdzi\u0107 dost\u0119pno\u015b\u0107 interesuj\u0105cych ich termin\u00f3w, por\u00f3wna\u0107 ceny, a przede wszystkim dokona\u0107 rezerwacji. Czym jest Booking Engine Booking Engine to tzw. silnik rezerwacji umo\u017cliwiaj\u0105cy potencjalnym go\u015bciom dokonanie rezerwacji on-line w Twoim obiekcie, bezpo\u015brednio na stronie internetowej. Jest [&hellip;]<\/p>","protected":false},"author":1,"featured_media":0,"parent":0,"menu_order":0,"comment_status":"closed","ping_status":"closed","template":"","meta":{"_acf_changed":false,"inline_featured_image":false,"footnotes":""},"class_list":["post-24","page","type-page","status-publish","hentry"],"acf":[],"yoast_head":"<!-- This site is optimized with the Yoast SEO plugin v26.7 - https:\/\/yoast.com\/wordpress\/plugins\/seo\/ -->\n<title>Booking Engine NFHotel - rezerwacje online na stronie www hotelu<\/title>\n<meta name=\"description\" content=\"Booking Engine - zainstaluj silnik rezerwacji na stronie internetowej, by umo\u017cliwi\u0107 go\u015bciom rezerwacj\u0119 online - bez po\u015brednik\u00f3w.\" \/>\n<meta name=\"robots\" content=\"index, follow, max-snippet:-1, max-image-preview:large, max-video-preview:-1\" \/>\n<link rel=\"canonical\" href=\"https:\/\/nfhotel.pl\/en\/booking-engine\" \/>\n<meta property=\"og:locale\" content=\"en_US\" \/>\n<meta property=\"og:type\" content=\"article\" \/>\n<meta property=\"og:title\" content=\"Booking Engine NFHotel - rezerwacje online na stronie www hotelu\" \/>\n<meta property=\"og:description\" content=\"Booking Engine - zainstaluj silnik rezerwacji na stronie internetowej, by umo\u017cliwi\u0107 go\u015bciom rezerwacj\u0119 online - bez po\u015brednik\u00f3w.\" \/>\n<meta property=\"og:url\" content=\"https:\/\/nfhotel.pl\/en\/booking-engine\" \/>\n<meta property=\"og:site_name\" content=\"NFHotel\" \/>\n<meta property=\"article:modified_time\" content=\"2022-06-21T07:25:38+00:00\" \/>\n<meta name=\"twitter:card\" content=\"summary_large_image\" \/>\n<meta name=\"twitter:label1\" content=\"Est. reading time\" \/>\n\t<meta name=\"twitter:data1\" content=\"4 minutes\" \/>\n<script type=\"application\/ld+json\" class=\"yoast-schema-graph\">{\"@context\":\"https:\/\/schema.org\",\"@graph\":[{\"@type\":\"WebPage\",\"@id\":\"https:\/\/nfhotel.pl\/booking-engine\",\"url\":\"https:\/\/nfhotel.pl\/booking-engine\",\"name\":\"Booking Engine NFHotel - rezerwacje online na stronie www hotelu\",\"isPartOf\":{\"@id\":\"https:\/\/nfhotel.pl\/#website\"},\"datePublished\":\"2020-04-06T19:36:32+00:00\",\"dateModified\":\"2022-06-21T07:25:38+00:00\",\"description\":\"Booking Engine - zainstaluj silnik rezerwacji na stronie internetowej, by umo\u017cliwi\u0107 go\u015bciom rezerwacj\u0119 online - bez po\u015brednik\u00f3w.\",\"breadcrumb\":{\"@id\":\"https:\/\/nfhotel.pl\/booking-engine#breadcrumb\"},\"inLanguage\":\"en-US\",\"potentialAction\":[{\"@type\":\"ReadAction\",\"target\":[\"https:\/\/nfhotel.pl\/booking-engine\"]}]},{\"@type\":\"BreadcrumbList\",\"@id\":\"https:\/\/nfhotel.pl\/booking-engine#breadcrumb\",\"itemListElement\":[{\"@type\":\"ListItem\",\"position\":1,\"name\":\"Strona g\u0142\u00f3wna\",\"item\":\"https:\/\/nfhotel.pl\/\"},{\"@type\":\"ListItem\",\"position\":2,\"name\":\"Booking Engine NFHotel | rezerwacje on-line\"}]},{\"@type\":\"WebSite\",\"@id\":\"https:\/\/nfhotel.pl\/#website\",\"url\":\"https:\/\/nfhotel.pl\/\",\"name\":\"NFHotel\",\"description\":\"program hotelowy w chmurze\",\"publisher\":{\"@id\":\"https:\/\/nfhotel.pl\/#organization\"},\"potentialAction\":[{\"@type\":\"SearchAction\",\"target\":{\"@type\":\"EntryPoint\",\"urlTemplate\":\"https:\/\/nfhotel.pl\/?s={search_term_string}\"},\"query-input\":{\"@type\":\"PropertyValueSpecification\",\"valueRequired\":true,\"valueName\":\"search_term_string\"}}],\"inLanguage\":\"en-US\"},{\"@type\":\"Organization\",\"@id\":\"https:\/\/nfhotel.pl\/#organization\",\"name\":\"NFHotel\",\"url\":\"https:\/\/nfhotel.pl\/\",\"logo\":{\"@type\":\"ImageObject\",\"inLanguage\":\"en-US\",\"@id\":\"https:\/\/nfhotel.pl\/#\/schema\/logo\/image\/\",\"url\":\"https:\/\/nfhotel.pl\/wp-content\/uploads\/2020\/04\/logo-nfhotel.png\",\"contentUrl\":\"https:\/\/nfhotel.pl\/wp-content\/uploads\/2020\/04\/logo-nfhotel.png\",\"width\":208,\"height\":69,\"caption\":\"NFHotel\"},\"image\":{\"@id\":\"https:\/\/nfhotel.pl\/#\/schema\/logo\/image\/\"}}]}<\/script>\n<!-- \/ Yoast SEO plugin. -->","yoast_head_json":{"title":"Booking Engine NFHotel - online reservations on the hotel website","description":"Booking Engine - Install a booking engine on your website to allow guests to book online - without intermediaries.","robots":{"index":"index","follow":"follow","max-snippet":"max-snippet:-1","max-image-preview":"max-image-preview:large","max-video-preview":"max-video-preview:-1"},"canonical":"https:\/\/nfhotel.pl\/en\/booking-engine","og_locale":"en_US","og_type":"article","og_title":"Booking Engine NFHotel - rezerwacje online na stronie www hotelu","og_description":"Booking Engine - zainstaluj silnik rezerwacji na stronie internetowej, by umo\u017cliwi\u0107 go\u015bciom rezerwacj\u0119 online - bez po\u015brednik\u00f3w.","og_url":"https:\/\/nfhotel.pl\/en\/booking-engine","og_site_name":"NFHotel","article_modified_time":"2022-06-21T07:25:38+00:00","twitter_card":"summary_large_image","twitter_misc":{"Est. reading time":"4 minutes"},"schema":{"@context":"https:\/\/schema.org","@graph":[{"@type":"WebPage","@id":"https:\/\/nfhotel.pl\/booking-engine","url":"https:\/\/nfhotel.pl\/booking-engine","name":"Booking Engine NFHotel - online reservations on the hotel website","isPartOf":{"@id":"https:\/\/nfhotel.pl\/#website"},"datePublished":"2020-04-06T19:36:32+00:00","dateModified":"2022-06-21T07:25:38+00:00","description":"Booking Engine - Install a booking engine on your website to allow guests to book online - without intermediaries.","breadcrumb":{"@id":"https:\/\/nfhotel.pl\/booking-engine#breadcrumb"},"inLanguage":"en-US","potentialAction":[{"@type":"ReadAction","target":["https:\/\/nfhotel.pl\/booking-engine"]}]},{"@type":"BreadcrumbList","@id":"https:\/\/nfhotel.pl\/booking-engine#breadcrumb","itemListElement":[{"@type":"ListItem","position":1,"name":"Strona g\u0142\u00f3wna","item":"https:\/\/nfhotel.pl\/"},{"@type":"ListItem","position":2,"name":"Booking Engine NFHotel | rezerwacje on-line"}]},{"@type":"WebSite","@id":"https:\/\/nfhotel.pl\/#website","url":"https:\/\/nfhotel.pl\/","name":"NFHotel","description":"cloud hotel program","publisher":{"@id":"https:\/\/nfhotel.pl\/#organization"},"potentialAction":[{"@type":"SearchAction","target":{"@type":"EntryPoint","urlTemplate":"https:\/\/nfhotel.pl\/?s={search_term_string}"},"query-input":{"@type":"PropertyValueSpecification","valueRequired":true,"valueName":"search_term_string"}}],"inLanguage":"en-US"},{"@type":"Organization","@id":"https:\/\/nfhotel.pl\/#organization","name":"NFHotel","url":"https:\/\/nfhotel.pl\/","logo":{"@type":"ImageObject","inLanguage":"en-US","@id":"https:\/\/nfhotel.pl\/#\/schema\/logo\/image\/","url":"https:\/\/nfhotel.pl\/wp-content\/uploads\/2020\/04\/logo-nfhotel.png","contentUrl":"https:\/\/nfhotel.pl\/wp-content\/uploads\/2020\/04\/logo-nfhotel.png","width":208,"height":69,"caption":"NFHotel"},"image":{"@id":"https:\/\/nfhotel.pl\/#\/schema\/logo\/image\/"}}]}},"_links":{"self":[{"href":"https:\/\/nfhotel.pl\/en\/wp-json\/wp\/v2\/pages\/24","targetHints":{"allow":["GET"]}}],"collection":[{"href":"https:\/\/nfhotel.pl\/en\/wp-json\/wp\/v2\/pages"}],"about":[{"href":"https:\/\/nfhotel.pl\/en\/wp-json\/wp\/v2\/types\/page"}],"author":[{"embeddable":true,"href":"https:\/\/nfhotel.pl\/en\/wp-json\/wp\/v2\/users\/1"}],"replies":[{"embeddable":true,"href":"https:\/\/nfhotel.pl\/en\/wp-json\/wp\/v2\/comments?post=24"}],"version-history":[{"count":14,"href":"https:\/\/nfhotel.pl\/en\/wp-json\/wp\/v2\/pages\/24\/revisions"}],"predecessor-version":[{"id":3517,"href":"https:\/\/nfhotel.pl\/en\/wp-json\/wp\/v2\/pages\/24\/revisions\/3517"}],"wp:attachment":[{"href":"https:\/\/nfhotel.pl\/en\/wp-json\/wp\/v2\/media?parent=24"}],"curies":[{"name":"wp","href":"https:\/\/api.w.org\/{rel}","templated":true}]}}