{"id":2163,"date":"2020-04-29T21:33:26","date_gmt":"2020-04-29T19:33:26","guid":{"rendered":"https:\/\/nfhotel.pl\/?page_id=2163"},"modified":"2024-07-15T09:06:06","modified_gmt":"2024-07-15T07:06:06","slug":"platnosci-on-line-karta-kredytowa","status":"publish","type":"page","link":"https:\/\/nfhotel.pl\/en\/platnosci-on-line-karta-kredytowa","title":{"rendered":"Online payments, credit card and BLIK"},"content":{"rendered":"","protected":false},"excerpt":{"rendered":"","protected":false},"author":1,"featured_media":0,"parent":0,"menu_order":0,"comment_status":"closed","ping_status":"closed","template":"","meta":{"_acf_changed":false,"inline_featured_image":false,"footnotes":""},"class_list":["post-2163","page","type-page","status-publish","hentry"],"acf":[],"yoast_head":"<!-- This site is optimized with the Yoast SEO plugin v26.7 - https:\/\/yoast.com\/wordpress\/plugins\/seo\/ -->\n<title>P\u0142atno\u015bci on-line, kart\u0105 kredytow\u0105 i BLIK - NFHotel<\/title>\n<meta name=\"description\" content=\"Zdob\u0105d\u017a wi\u0119cej potwierdzonych rezerwacji i u\u0142atw go\u015bciom dokonywanie p\u0142atno\u015bci dzi\u0119ki b\u0142yskawicznym p\u0142atno\u015bciom on-line.\" \/>\n<meta name=\"robots\" content=\"index, follow, max-snippet:-1, max-image-preview:large, max-video-preview:-1\" \/>\n<link rel=\"canonical\" href=\"https:\/\/nfhotel.pl\/en\/platnosci-on-line-karta-kredytowa\" \/>\n<meta property=\"og:locale\" content=\"en_US\" \/>\n<meta property=\"og:type\" content=\"article\" \/>\n<meta property=\"og:title\" content=\"P\u0142atno\u015bci on-line, kart\u0105 kredytow\u0105 i BLIK - NFHotel\" \/>\n<meta property=\"og:description\" content=\"Zdob\u0105d\u017a wi\u0119cej potwierdzonych rezerwacji i u\u0142atw go\u015bciom dokonywanie p\u0142atno\u015bci dzi\u0119ki b\u0142yskawicznym p\u0142atno\u015bciom on-line.\" \/>\n<meta property=\"og:url\" content=\"https:\/\/nfhotel.pl\/en\/platnosci-on-line-karta-kredytowa\" \/>\n<meta property=\"og:site_name\" content=\"NFHotel\" \/>\n<meta property=\"article:modified_time\" content=\"2024-07-15T07:06:06+00:00\" \/>\n<meta name=\"twitter:card\" content=\"summary_large_image\" \/>\n<script type=\"application\/ld+json\" class=\"yoast-schema-graph\">{\"@context\":\"https:\/\/schema.org\",\"@graph\":[{\"@type\":\"WebPage\",\"@id\":\"https:\/\/nfhotel.pl\/platnosci-on-line-karta-kredytowa\",\"url\":\"https:\/\/nfhotel.pl\/platnosci-on-line-karta-kredytowa\",\"name\":\"P\u0142atno\u015bci on-line, kart\u0105 kredytow\u0105 i BLIK - NFHotel\",\"isPartOf\":{\"@id\":\"https:\/\/nfhotel.pl\/#website\"},\"datePublished\":\"2020-04-29T19:33:26+00:00\",\"dateModified\":\"2024-07-15T07:06:06+00:00\",\"description\":\"Zdob\u0105d\u017a wi\u0119cej potwierdzonych rezerwacji i u\u0142atw go\u015bciom dokonywanie p\u0142atno\u015bci dzi\u0119ki b\u0142yskawicznym p\u0142atno\u015bciom on-line.\",\"breadcrumb\":{\"@id\":\"https:\/\/nfhotel.pl\/platnosci-on-line-karta-kredytowa#breadcrumb\"},\"inLanguage\":\"en-US\",\"potentialAction\":[{\"@type\":\"ReadAction\",\"target\":[\"https:\/\/nfhotel.pl\/platnosci-on-line-karta-kredytowa\"]}]},{\"@type\":\"BreadcrumbList\",\"@id\":\"https:\/\/nfhotel.pl\/platnosci-on-line-karta-kredytowa#breadcrumb\",\"itemListElement\":[{\"@type\":\"ListItem\",\"position\":1,\"name\":\"Strona g\u0142\u00f3wna\",\"item\":\"https:\/\/nfhotel.pl\/\"},{\"@type\":\"ListItem\",\"position\":2,\"name\":\"P\u0142atno\u015bci on-line, kart\u0105 kredytow\u0105 i BLIK\"}]},{\"@type\":\"WebSite\",\"@id\":\"https:\/\/nfhotel.pl\/#website\",\"url\":\"https:\/\/nfhotel.pl\/\",\"name\":\"NFHotel\",\"description\":\"program hotelowy w chmurze\",\"publisher\":{\"@id\":\"https:\/\/nfhotel.pl\/#organization\"},\"potentialAction\":[{\"@type\":\"SearchAction\",\"target\":{\"@type\":\"EntryPoint\",\"urlTemplate\":\"https:\/\/nfhotel.pl\/?s={search_term_string}\"},\"query-input\":{\"@type\":\"PropertyValueSpecification\",\"valueRequired\":true,\"valueName\":\"search_term_string\"}}],\"inLanguage\":\"en-US\"},{\"@type\":\"Organization\",\"@id\":\"https:\/\/nfhotel.pl\/#organization\",\"name\":\"NFHotel\",\"url\":\"https:\/\/nfhotel.pl\/\",\"logo\":{\"@type\":\"ImageObject\",\"inLanguage\":\"en-US\",\"@id\":\"https:\/\/nfhotel.pl\/#\/schema\/logo\/image\/\",\"url\":\"https:\/\/nfhotel.pl\/wp-content\/uploads\/2020\/04\/logo-nfhotel.png\",\"contentUrl\":\"https:\/\/nfhotel.pl\/wp-content\/uploads\/2020\/04\/logo-nfhotel.png\",\"width\":208,\"height\":69,\"caption\":\"NFHotel\"},\"image\":{\"@id\":\"https:\/\/nfhotel.pl\/#\/schema\/logo\/image\/\"}}]}<\/script>\n<!-- \/ Yoast SEO plugin. -->","yoast_head_json":{"title":"Online payments, credit card and BLIK - NFHotel","description":"Get more confirmed reservations and make it easier for guests to pay with instant online payments.","robots":{"index":"index","follow":"follow","max-snippet":"max-snippet:-1","max-image-preview":"max-image-preview:large","max-video-preview":"max-video-preview:-1"},"canonical":"https:\/\/nfhotel.pl\/en\/platnosci-on-line-karta-kredytowa","og_locale":"en_US","og_type":"article","og_title":"P\u0142atno\u015bci on-line, kart\u0105 kredytow\u0105 i BLIK - NFHotel","og_description":"Zdob\u0105d\u017a wi\u0119cej potwierdzonych rezerwacji i u\u0142atw go\u015bciom dokonywanie p\u0142atno\u015bci dzi\u0119ki b\u0142yskawicznym p\u0142atno\u015bciom on-line.","og_url":"https:\/\/nfhotel.pl\/en\/platnosci-on-line-karta-kredytowa","og_site_name":"NFHotel","article_modified_time":"2024-07-15T07:06:06+00:00","twitter_card":"summary_large_image","schema":{"@context":"https:\/\/schema.org","@graph":[{"@type":"WebPage","@id":"https:\/\/nfhotel.pl\/platnosci-on-line-karta-kredytowa","url":"https:\/\/nfhotel.pl\/platnosci-on-line-karta-kredytowa","name":"Online payments, credit card and BLIK - NFHotel","isPartOf":{"@id":"https:\/\/nfhotel.pl\/#website"},"datePublished":"2020-04-29T19:33:26+00:00","dateModified":"2024-07-15T07:06:06+00:00","description":"Get more confirmed reservations and make it easier for guests to pay with instant online payments.","breadcrumb":{"@id":"https:\/\/nfhotel.pl\/platnosci-on-line-karta-kredytowa#breadcrumb"},"inLanguage":"en-US","potentialAction":[{"@type":"ReadAction","target":["https:\/\/nfhotel.pl\/platnosci-on-line-karta-kredytowa"]}]},{"@type":"BreadcrumbList","@id":"https:\/\/nfhotel.pl\/platnosci-on-line-karta-kredytowa#breadcrumb","itemListElement":[{"@type":"ListItem","position":1,"name":"Strona g\u0142\u00f3wna","item":"https:\/\/nfhotel.pl\/"},{"@type":"ListItem","position":2,"name":"P\u0142atno\u015bci on-line, kart\u0105 kredytow\u0105 i BLIK"}]},{"@type":"WebSite","@id":"https:\/\/nfhotel.pl\/#website","url":"https:\/\/nfhotel.pl\/","name":"NFHotel","description":"cloud hotel program","publisher":{"@id":"https:\/\/nfhotel.pl\/#organization"},"potentialAction":[{"@type":"SearchAction","target":{"@type":"EntryPoint","urlTemplate":"https:\/\/nfhotel.pl\/?s={search_term_string}"},"query-input":{"@type":"PropertyValueSpecification","valueRequired":true,"valueName":"search_term_string"}}],"inLanguage":"en-US"},{"@type":"Organization","@id":"https:\/\/nfhotel.pl\/#organization","name":"NFHotel","url":"https:\/\/nfhotel.pl\/","logo":{"@type":"ImageObject","inLanguage":"en-US","@id":"https:\/\/nfhotel.pl\/#\/schema\/logo\/image\/","url":"https:\/\/nfhotel.pl\/wp-content\/uploads\/2020\/04\/logo-nfhotel.png","contentUrl":"https:\/\/nfhotel.pl\/wp-content\/uploads\/2020\/04\/logo-nfhotel.png","width":208,"height":69,"caption":"NFHotel"},"image":{"@id":"https:\/\/nfhotel.pl\/#\/schema\/logo\/image\/"}}]}},"_links":{"self":[{"href":"https:\/\/nfhotel.pl\/en\/wp-json\/wp\/v2\/pages\/2163","targetHints":{"allow":["GET"]}}],"collection":[{"href":"https:\/\/nfhotel.pl\/en\/wp-json\/wp\/v2\/pages"}],"about":[{"href":"https:\/\/nfhotel.pl\/en\/wp-json\/wp\/v2\/types\/page"}],"author":[{"embeddable":true,"href":"https:\/\/nfhotel.pl\/en\/wp-json\/wp\/v2\/users\/1"}],"replies":[{"embeddable":true,"href":"https:\/\/nfhotel.pl\/en\/wp-json\/wp\/v2\/comments?post=2163"}],"version-history":[{"count":32,"href":"https:\/\/nfhotel.pl\/en\/wp-json\/wp\/v2\/pages\/2163\/revisions"}],"predecessor-version":[{"id":4952,"href":"https:\/\/nfhotel.pl\/en\/wp-json\/wp\/v2\/pages\/2163\/revisions\/4952"}],"wp:attachment":[{"href":"https:\/\/nfhotel.pl\/en\/wp-json\/wp\/v2\/media?parent=2163"}],"curies":[{"name":"wp","href":"https:\/\/api.w.org\/{rel}","templated":true}]}}