{"id":9,"date":"2020-04-06T21:32:22","date_gmt":"2020-04-06T19:32:22","guid":{"rendered":"https:\/\/nfhotel.pl\/?page_id=9"},"modified":"2025-01-21T10:05:38","modified_gmt":"2025-01-21T09:05:38","slug":"program-hotelowy-2","status":"publish","type":"page","link":"https:\/\/nfhotel.pl\/de\/","title":{"rendered":"PMS - NFHotel Hotelprogramm | in der Cloud"},"content":{"rendered":"<p class=\"has-text-align-center\">NFHotel ist eine umfassende Hotelsoftware, auch bekannt als PMS (Property Management System), die in der Online-Cloud betrieben wird. Dank unserer innovativen Hotelsoftware-Funktionen wird die Verwaltung Ihrer Unterk\u00fcnfte einfacher und effizienter als je zuvor!<\/p>\n\n\n\n<h2 class=\"wp-block-heading\"><strong>Die perfekte Rezeptionssoftware f\u00fcr Ihre Einrichtung!<\/strong><\/h2>\n\n\n\n<p><br>Betreiben Sie ein Hotel oder eine Pension? Vermieten Sie Privatunterk\u00fcnfte? Verwalten Sie Ferienwohnungen oder Ferienh\u00e4user? F\u00fcr die Verwaltung einer Unterkunft ben\u00f6tigen Sie die richtigen Tools. NFHotel ist das Hotelprogramm, das genau auf Sie zugeschnitten ist!<\/p>\n\n\n<div class=\"wp-block-image is-style-default\">\n<figure class=\"aligncenter size-large is-resized\"><img loading=\"lazy\" decoding=\"async\" width=\"1024\" height=\"512\" src=\"https:\/\/nfhotel.pl\/wp-content\/uploads\/2022\/07\/NFHotel-na-laptopie-maly-1024x512.png\" alt=\"Hotelprogramm\" class=\"wp-image-3624\" style=\"width:512px;height:256px\" srcset=\"https:\/\/nfhotel.pl\/wp-content\/uploads\/2022\/07\/NFHotel-na-laptopie-maly-1024x512.png 1024w, https:\/\/nfhotel.pl\/wp-content\/uploads\/2022\/07\/NFHotel-na-laptopie-maly-300x150.png 300w, https:\/\/nfhotel.pl\/wp-content\/uploads\/2022\/07\/NFHotel-na-laptopie-maly-768x384.png 768w, https:\/\/nfhotel.pl\/wp-content\/uploads\/2022\/07\/NFHotel-na-laptopie-maly-18x9.png 18w, https:\/\/nfhotel.pl\/wp-content\/uploads\/2022\/07\/NFHotel-na-laptopie-maly-600x300.png 600w, https:\/\/nfhotel.pl\/wp-content\/uploads\/2022\/07\/NFHotel-na-laptopie-maly.png 1400w\" sizes=\"auto, (max-width: 1024px) 100vw, 1024px\" \/><\/figure>\n<\/div>\n\n\n<h2 class=\"wp-block-heading\"><strong>Ein Hotelprogramm mit der Kraft der Funktionalit\u00e4t<\/strong><\/h2>\n\n\n\n<p><br>Das NFHotel-Rezeptionssystem bietet umfassende Module und L\u00f6sungen, die auf die Bed\u00fcrfnisse Ihrer Einrichtung zugeschnitten sind. <\/p>\n\n\n\n<ul class=\"wp-block-list\">\n<li>Zun\u00e4chst einmal: PMS ist ein mobiler Online-Buchungsplan, vorgefertigte Vorlagen f\u00fcr E-Mail-\/SMS-G\u00e4stebenachrichtigungen, sofortige Online-Zahlungen\u2026 Dies sind nur einige der Funktionalit\u00e4ten unseres Hotelprogramms (Property Management System), das Sie als Anwendung f\u00fcr Hotels und andere Beherbergungsbetriebe 14 Tage lang kostenlos testen k\u00f6nnen.<\/li>\n\n\n\n<li>Zweitens: Erstellen Sie Ihre eigenen Preispl\u00e4ne und verkaufen Sie Unterkunftsdienstleistungen online dank der Buchungsmaschine - <a href=\"https:\/\/nfhotel.pl\/de\/booking-engine\/\" target=\"_blank\" rel=\"noreferrer noopener\">Buchungsmaschine<\/a>Dank des NFHotel-Managementsystems gewinnen Sie zus\u00e4tzliche Buchungsquellen. Sie erhalten eine kleine Provision von nur 2,91 TP3T netto f\u00fcr jede \u00fcber die Booking Engine get\u00e4tigte G\u00e4stebuchung.<\/li>\n\n\n\n<li>Drittens: Gewinnen Sie zus\u00e4tzliche Buchungskan\u00e4le dank des Channel Managers, der \u00fcber direkte Verbindungen zu den bekanntesten Buchungsportalen verf\u00fcgt, d. h. <a href=\"http:\/\/www.booking.com\" target=\"_blank\" rel=\"noreferrer noopener\">Booking.com<\/a>, <a href=\"http:\/\/Airbnb.pl\" target=\"_blank\" rel=\"noreferrer noopener\">Airbnb<\/a>, <a href=\"http:\/\/www.expedia.com\" target=\"_blank\" rel=\"noreferrer noopener\">Expedia<\/a> Ob <a href=\"http:\/\/www.noclegi.pl\" target=\"_blank\" rel=\"noreferrer noopener\">Noclegi.pl<\/a>.<\/li>\n<\/ul>\n\n\n\n<p>Zusammenfassend ist unser Hotelprogramm NFHotel ein intuitives Tool f\u00fcr Hoteliers, mit dem Sie dank moderner L\u00f6sungen noch mehr Reservierungen f\u00fcr Ihre Einrichtung erhalten. <\/p>\n\n\n\n<h2 class=\"wp-block-heading\"><strong>Programmentwicklung in Absprache mit Hoteliers<\/strong><\/h2>\n\n\n\n<p><br>Wir arbeiten st\u00e4ndig an neuen Funktionen f\u00fcr unsere NFHotel Hotelsoftware. Die PMS-Entwicklung erfolgt unter Ber\u00fccksichtigung der Bed\u00fcrfnisse und Erwartungen unserer Kunden. So profitieren Sie von weiteren Verbesserungen des NFHotel-Rezeptionssystems \u2013 fast w\u00f6chentlich erscheinen neue Updates!<\/p>\n\n\n\n<h2 class=\"wp-block-heading\"><strong>Wer braucht ein Hotelprogramm?<\/strong><\/h2>\n\n\n\n<p>Jede Unterkunft, die ihre Gewinne maximieren und Zeit sparen m\u00f6chte. Papierkalender reichen im Internetzeitalter einfach nicht mehr aus. Tools wie Channel Manager und Buchungsmaschinen erledigen die Arbeit in Sekundenschnelle, f\u00fcr die eine Rezeptionistin Stunden ben\u00f6tigt. Es ist entscheidend, die Arbeit zu vereinfachen und die Hotelsoftware die schwere Arbeit f\u00fcr Sie \u00fcbernehmen zu lassen \u2013 damit der Eigent\u00fcmer Zeit f\u00fcr das hat, was ihm Spa\u00df macht.<\/p>\n\n\n\n<h2 class=\"wp-block-heading\"><strong>Auf Ihre Bed\u00fcrfnisse zugeschnittene Software<\/strong><\/h2>\n\n\n\n<p>Unser Hotelprogramm bietet Module, die auf verschiedene Unterkunftsarten zugeschnitten sind. Z\u00f6gern Sie nicht und w\u00e4hlen Sie das NFHotel-Managementsystem-Paket, das Ihren Anforderungen am besten entspricht. W\u00e4hlen Sie aus dem Basispaket Standard, den zus\u00e4tzlichen Funktionen des Pro-Angebots oder vielleicht den innovativen L\u00f6sungen des Ultimate-Pakets?<\/p>\n\n\n\n<p>Kontaktieren Sie uns \u2013 wir helfen Ihnen gerne bei der Auswahl der richtigen PMS-Software-Version, zugeschnitten auf Ihre Bed\u00fcrfnisse und Erwartungen!<\/p>","protected":false},"excerpt":{"rendered":"<p>NFHotel ist ein umfassendes Hotelprogramm, auch bekannt als PMS (Property Management System), das in der Cloud betrieben wird. Dank unserer innovativen Hotelsoftware-Funktionen wird die Verwaltung Ihrer Unterk\u00fcnfte einfacher und effizienter als je zuvor! Die perfekte Rezeptionssoftware f\u00fcr Ihre Unterkunft! Betreiben Sie ein Hotel oder eine Pension? Vermieten Sie private Unterk\u00fcnfte an G\u00e4ste? Verwalten Sie Apartments oder Ferienh\u00e4user? Die Verwaltung Ihrer Immobilie [\u2026]<\/p>","protected":false},"author":1,"featured_media":0,"parent":0,"menu_order":0,"comment_status":"closed","ping_status":"closed","template":"","meta":{"_acf_changed":false,"inline_featured_image":false,"footnotes":""},"class_list":["post-9","page","type-page","status-publish","hentry"],"acf":[],"yoast_head":"<!-- This site is optimized with the Yoast SEO plugin v26.7 - https:\/\/yoast.com\/wordpress\/plugins\/seo\/ -->\n<title>Program hotelowy - PMS NFHotel | mobilny, w chmurze, darmowa wersja<\/title>\n<meta name=\"description\" content=\"Odkryj NFHotel \u2013 chmurowy program hotelowy! Kompleksowy program dla hoteli automatyzuj\u0105cy prac\u0119, zarz\u0105dzanie i obs\u0142ug\u0119 Go\u015bci\" \/>\n<meta name=\"robots\" content=\"index, follow, max-snippet:-1, max-image-preview:large, max-video-preview:-1\" \/>\n<link rel=\"canonical\" href=\"https:\/\/nfhotel.pl\/de\/\" \/>\n<meta property=\"og:locale\" content=\"de_DE\" \/>\n<meta property=\"og:type\" content=\"article\" \/>\n<meta property=\"og:title\" content=\"Program hotelowy - PMS NFHotel | mobilny, w chmurze, darmowa wersja\" \/>\n<meta property=\"og:description\" content=\"Odkryj NFHotel \u2013 chmurowy program hotelowy! Kompleksowy program dla hoteli automatyzuj\u0105cy prac\u0119, zarz\u0105dzanie i obs\u0142ug\u0119 Go\u015bci\" \/>\n<meta property=\"og:url\" content=\"https:\/\/nfhotel.pl\/de\/\" \/>\n<meta property=\"og:site_name\" content=\"NFHotel\" \/>\n<meta property=\"article:modified_time\" content=\"2025-01-21T09:05:38+00:00\" \/>\n<meta property=\"og:image\" content=\"http:\/\/program%20hotelowy\" \/>\n<meta name=\"twitter:card\" content=\"summary_large_image\" \/>\n<meta name=\"twitter:description\" content=\"74\" \/>\n<meta name=\"twitter:label1\" content=\"Gesch\u00e4tzte Lesezeit\" \/>\n\t<meta name=\"twitter:data1\" content=\"3\u00a0Minuten\" \/>\n<script type=\"application\/ld+json\" class=\"yoast-schema-graph\">{\"@context\":\"https:\/\/schema.org\",\"@graph\":[{\"@type\":\"WebPage\",\"@id\":\"https:\/\/nfhotel.pl\/\",\"url\":\"https:\/\/nfhotel.pl\/\",\"name\":\"Program hotelowy - PMS NFHotel | mobilny, w chmurze, darmowa wersja\",\"isPartOf\":{\"@id\":\"https:\/\/nfhotel.pl\/#website\"},\"primaryImageOfPage\":{\"@id\":\"https:\/\/nfhotel.pl\/#primaryimage\"},\"image\":{\"@id\":\"https:\/\/nfhotel.pl\/#primaryimage\"},\"thumbnailUrl\":\"https:\/\/nfhotel.pl\/wp-content\/uploads\/2022\/07\/NFHotel-na-laptopie-maly-1024x512.png\",\"datePublished\":\"2020-04-06T19:32:22+00:00\",\"dateModified\":\"2025-01-21T09:05:38+00:00\",\"description\":\"Odkryj NFHotel \u2013 chmurowy program hotelowy! Kompleksowy program dla hoteli automatyzuj\u0105cy prac\u0119, zarz\u0105dzanie i obs\u0142ug\u0119 Go\u015bci\",\"breadcrumb\":{\"@id\":\"https:\/\/nfhotel.pl\/#breadcrumb\"},\"inLanguage\":\"de\",\"potentialAction\":[{\"@type\":\"ReadAction\",\"target\":[\"https:\/\/nfhotel.pl\/\"]}]},{\"@type\":\"ImageObject\",\"inLanguage\":\"de\",\"@id\":\"https:\/\/nfhotel.pl\/#primaryimage\",\"url\":\"https:\/\/nfhotel.pl\/wp-content\/uploads\/2022\/07\/NFHotel-na-laptopie-maly-1024x512.png\",\"contentUrl\":\"https:\/\/nfhotel.pl\/wp-content\/uploads\/2022\/07\/NFHotel-na-laptopie-maly-1024x512.png\"},{\"@type\":\"BreadcrumbList\",\"@id\":\"https:\/\/nfhotel.pl\/#breadcrumb\",\"itemListElement\":[{\"@type\":\"ListItem\",\"position\":1,\"name\":\"Strona g\u0142\u00f3wna\",\"item\":\"https:\/\/nfhotel.pl\/\"},{\"@type\":\"ListItem\",\"position\":2,\"name\":\"PMS - program hotelowy NFHotel | w chmurze\"}]},{\"@type\":\"WebSite\",\"@id\":\"https:\/\/nfhotel.pl\/#website\",\"url\":\"https:\/\/nfhotel.pl\/\",\"name\":\"NFHotel\",\"description\":\"program hotelowy w chmurze\",\"publisher\":{\"@id\":\"https:\/\/nfhotel.pl\/#organization\"},\"potentialAction\":[{\"@type\":\"SearchAction\",\"target\":{\"@type\":\"EntryPoint\",\"urlTemplate\":\"https:\/\/nfhotel.pl\/?s={search_term_string}\"},\"query-input\":{\"@type\":\"PropertyValueSpecification\",\"valueRequired\":true,\"valueName\":\"search_term_string\"}}],\"inLanguage\":\"de\"},{\"@type\":\"Organization\",\"@id\":\"https:\/\/nfhotel.pl\/#organization\",\"name\":\"NFHotel\",\"url\":\"https:\/\/nfhotel.pl\/\",\"logo\":{\"@type\":\"ImageObject\",\"inLanguage\":\"de\",\"@id\":\"https:\/\/nfhotel.pl\/#\/schema\/logo\/image\/\",\"url\":\"https:\/\/nfhotel.pl\/wp-content\/uploads\/2020\/04\/logo-nfhotel.png\",\"contentUrl\":\"https:\/\/nfhotel.pl\/wp-content\/uploads\/2020\/04\/logo-nfhotel.png\",\"width\":208,\"height\":69,\"caption\":\"NFHotel\"},\"image\":{\"@id\":\"https:\/\/nfhotel.pl\/#\/schema\/logo\/image\/\"}}]}<\/script>\n<!-- \/ Yoast SEO plugin. -->","yoast_head_json":{"title":"Hotelprogramm - PMS NFHotel | mobile, cloudbasierte, kostenlose Version","description":"Entdecken Sie NFHotel \u2013 eine cloudbasierte Hotelsoftware! Eine umfassende Hotelsoftware, die Arbeitsabl\u00e4ufe, Verwaltung und G\u00e4steservice automatisiert.","robots":{"index":"index","follow":"follow","max-snippet":"max-snippet:-1","max-image-preview":"max-image-preview:large","max-video-preview":"max-video-preview:-1"},"canonical":"https:\/\/nfhotel.pl\/de\/","og_locale":"de_DE","og_type":"article","og_title":"Program hotelowy - PMS NFHotel | mobilny, w chmurze, darmowa wersja","og_description":"Odkryj NFHotel \u2013 chmurowy program hotelowy! Kompleksowy program dla hoteli automatyzuj\u0105cy prac\u0119, zarz\u0105dzanie i obs\u0142ug\u0119 Go\u015bci","og_url":"https:\/\/nfhotel.pl\/de\/","og_site_name":"NFHotel","article_modified_time":"2025-01-21T09:05:38+00:00","og_image":[{"url":"program hotelowy","type":"","width":"","height":""}],"twitter_card":"summary_large_image","twitter_description":"74","twitter_misc":{"Gesch\u00e4tzte Lesezeit":"3\u00a0Minuten"},"schema":{"@context":"https:\/\/schema.org","@graph":[{"@type":"WebPage","@id":"https:\/\/nfhotel.pl\/","url":"https:\/\/nfhotel.pl\/","name":"Hotelprogramm - PMS NFHotel | mobile, cloudbasierte, kostenlose Version","isPartOf":{"@id":"https:\/\/nfhotel.pl\/#website"},"primaryImageOfPage":{"@id":"https:\/\/nfhotel.pl\/#primaryimage"},"image":{"@id":"https:\/\/nfhotel.pl\/#primaryimage"},"thumbnailUrl":"https:\/\/nfhotel.pl\/wp-content\/uploads\/2022\/07\/NFHotel-na-laptopie-maly-1024x512.png","datePublished":"2020-04-06T19:32:22+00:00","dateModified":"2025-01-21T09:05:38+00:00","description":"Entdecken Sie NFHotel \u2013 eine cloudbasierte Hotelsoftware! Eine umfassende Hotelsoftware, die Arbeitsabl\u00e4ufe, Verwaltung und G\u00e4steservice automatisiert.","breadcrumb":{"@id":"https:\/\/nfhotel.pl\/#breadcrumb"},"inLanguage":"de","potentialAction":[{"@type":"ReadAction","target":["https:\/\/nfhotel.pl\/"]}]},{"@type":"ImageObject","inLanguage":"de","@id":"https:\/\/nfhotel.pl\/#primaryimage","url":"https:\/\/nfhotel.pl\/wp-content\/uploads\/2022\/07\/NFHotel-na-laptopie-maly-1024x512.png","contentUrl":"https:\/\/nfhotel.pl\/wp-content\/uploads\/2022\/07\/NFHotel-na-laptopie-maly-1024x512.png"},{"@type":"BreadcrumbList","@id":"https:\/\/nfhotel.pl\/#breadcrumb","itemListElement":[{"@type":"ListItem","position":1,"name":"Strona g\u0142\u00f3wna","item":"https:\/\/nfhotel.pl\/"},{"@type":"ListItem","position":2,"name":"PMS - program hotelowy NFHotel | w chmurze"}]},{"@type":"WebSite","@id":"https:\/\/nfhotel.pl\/#website","url":"https:\/\/nfhotel.pl\/","name":"NFHotel","description":"Cloud-Hotel-Programm","publisher":{"@id":"https:\/\/nfhotel.pl\/#organization"},"potentialAction":[{"@type":"SearchAction","target":{"@type":"EntryPoint","urlTemplate":"https:\/\/nfhotel.pl\/?s={search_term_string}"},"query-input":{"@type":"PropertyValueSpecification","valueRequired":true,"valueName":"search_term_string"}}],"inLanguage":"de"},{"@type":"Organization","@id":"https:\/\/nfhotel.pl\/#organization","name":"NFHotel","url":"https:\/\/nfhotel.pl\/","logo":{"@type":"ImageObject","inLanguage":"de","@id":"https:\/\/nfhotel.pl\/#\/schema\/logo\/image\/","url":"https:\/\/nfhotel.pl\/wp-content\/uploads\/2020\/04\/logo-nfhotel.png","contentUrl":"https:\/\/nfhotel.pl\/wp-content\/uploads\/2020\/04\/logo-nfhotel.png","width":208,"height":69,"caption":"NFHotel"},"image":{"@id":"https:\/\/nfhotel.pl\/#\/schema\/logo\/image\/"}}]}},"_links":{"self":[{"href":"https:\/\/nfhotel.pl\/de\/wp-json\/wp\/v2\/pages\/9","targetHints":{"allow":["GET"]}}],"collection":[{"href":"https:\/\/nfhotel.pl\/de\/wp-json\/wp\/v2\/pages"}],"about":[{"href":"https:\/\/nfhotel.pl\/de\/wp-json\/wp\/v2\/types\/page"}],"author":[{"embeddable":true,"href":"https:\/\/nfhotel.pl\/de\/wp-json\/wp\/v2\/users\/1"}],"replies":[{"embeddable":true,"href":"https:\/\/nfhotel.pl\/de\/wp-json\/wp\/v2\/comments?post=9"}],"version-history":[{"count":46,"href":"https:\/\/nfhotel.pl\/de\/wp-json\/wp\/v2\/pages\/9\/revisions"}],"predecessor-version":[{"id":5814,"href":"https:\/\/nfhotel.pl\/de\/wp-json\/wp\/v2\/pages\/9\/revisions\/5814"}],"wp:attachment":[{"href":"https:\/\/nfhotel.pl\/de\/wp-json\/wp\/v2\/media?parent=9"}],"curies":[{"name":"wp","href":"https:\/\/api.w.org\/{rel}","templated":true}]}}