{"id":5623,"date":"2024-11-27T15:55:41","date_gmt":"2024-11-27T14:55:41","guid":{"rendered":"https:\/\/nfhotel.pl\/?page_id=5623"},"modified":"2024-11-29T15:22:33","modified_gmt":"2024-11-29T14:22:33","slug":"integracja-z-drukarka-novitus","status":"publish","type":"page","link":"https:\/\/nfhotel.pl\/de\/integracja-z-drukarka-novitus","title":{"rendered":"Integracja z drukark\u0105 Novitus"},"content":{"rendered":"","protected":false},"excerpt":{"rendered":"","protected":false},"author":1,"featured_media":0,"parent":0,"menu_order":0,"comment_status":"closed","ping_status":"closed","template":"","meta":{"_acf_changed":false,"inline_featured_image":false,"footnotes":""},"class_list":["post-5623","page","type-page","status-publish","hentry"],"acf":[],"yoast_head":"<!-- This site is optimized with the Yoast SEO plugin v26.7 - https:\/\/yoast.com\/wordpress\/plugins\/seo\/ -->\n<title>Integracja z drukark\u0105 Novitus - NFHotel<\/title>\n<meta name=\"description\" content=\"Odkryj drukarki fiskalne Novitus do hotelu. Sprawd\u017a, jak integracja z NFHotel usprawnia obs\u0142ug\u0119 go\u015bci i automatycznie drukuje paragony do rezerwacji!\" \/>\n<meta name=\"robots\" content=\"index, follow, max-snippet:-1, max-image-preview:large, max-video-preview:-1\" \/>\n<link rel=\"canonical\" href=\"https:\/\/nfhotel.pl\/de\/integracja-z-drukarka-novitus\" \/>\n<meta property=\"og:locale\" content=\"de_DE\" \/>\n<meta property=\"og:type\" content=\"article\" \/>\n<meta property=\"og:title\" content=\"Integracja z drukark\u0105 Novitus - NFHotel\" \/>\n<meta property=\"og:description\" content=\"Odkryj drukarki fiskalne Novitus do hotelu. Sprawd\u017a, jak integracja z NFHotel usprawnia obs\u0142ug\u0119 go\u015bci i automatycznie drukuje paragony do rezerwacji!\" \/>\n<meta property=\"og:url\" content=\"https:\/\/nfhotel.pl\/de\/integracja-z-drukarka-novitus\" \/>\n<meta property=\"og:site_name\" content=\"NFHotel\" \/>\n<meta property=\"article:modified_time\" content=\"2024-11-29T14:22:33+00:00\" \/>\n<meta name=\"twitter:card\" content=\"summary_large_image\" \/>\n<script type=\"application\/ld+json\" class=\"yoast-schema-graph\">{\"@context\":\"https:\/\/schema.org\",\"@graph\":[{\"@type\":\"WebPage\",\"@id\":\"https:\/\/nfhotel.pl\/integracja-z-drukarka-novitus\",\"url\":\"https:\/\/nfhotel.pl\/integracja-z-drukarka-novitus\",\"name\":\"Integracja z drukark\u0105 Novitus - NFHotel\",\"isPartOf\":{\"@id\":\"https:\/\/nfhotel.pl\/#website\"},\"datePublished\":\"2024-11-27T14:55:41+00:00\",\"dateModified\":\"2024-11-29T14:22:33+00:00\",\"description\":\"Odkryj drukarki fiskalne Novitus do hotelu. Sprawd\u017a, jak integracja z NFHotel usprawnia obs\u0142ug\u0119 go\u015bci i automatycznie drukuje paragony do rezerwacji!\",\"breadcrumb\":{\"@id\":\"https:\/\/nfhotel.pl\/integracja-z-drukarka-novitus#breadcrumb\"},\"inLanguage\":\"de\",\"potentialAction\":[{\"@type\":\"ReadAction\",\"target\":[\"https:\/\/nfhotel.pl\/integracja-z-drukarka-novitus\"]}]},{\"@type\":\"BreadcrumbList\",\"@id\":\"https:\/\/nfhotel.pl\/integracja-z-drukarka-novitus#breadcrumb\",\"itemListElement\":[{\"@type\":\"ListItem\",\"position\":1,\"name\":\"Strona g\u0142\u00f3wna\",\"item\":\"https:\/\/nfhotel.pl\/\"},{\"@type\":\"ListItem\",\"position\":2,\"name\":\"Integracja z drukark\u0105 Novitus\"}]},{\"@type\":\"WebSite\",\"@id\":\"https:\/\/nfhotel.pl\/#website\",\"url\":\"https:\/\/nfhotel.pl\/\",\"name\":\"NFHotel\",\"description\":\"program hotelowy w chmurze\",\"publisher\":{\"@id\":\"https:\/\/nfhotel.pl\/#organization\"},\"potentialAction\":[{\"@type\":\"SearchAction\",\"target\":{\"@type\":\"EntryPoint\",\"urlTemplate\":\"https:\/\/nfhotel.pl\/?s={search_term_string}\"},\"query-input\":{\"@type\":\"PropertyValueSpecification\",\"valueRequired\":true,\"valueName\":\"search_term_string\"}}],\"inLanguage\":\"de\"},{\"@type\":\"Organization\",\"@id\":\"https:\/\/nfhotel.pl\/#organization\",\"name\":\"NFHotel\",\"url\":\"https:\/\/nfhotel.pl\/\",\"logo\":{\"@type\":\"ImageObject\",\"inLanguage\":\"de\",\"@id\":\"https:\/\/nfhotel.pl\/#\/schema\/logo\/image\/\",\"url\":\"https:\/\/nfhotel.pl\/wp-content\/uploads\/2020\/04\/logo-nfhotel.png\",\"contentUrl\":\"https:\/\/nfhotel.pl\/wp-content\/uploads\/2020\/04\/logo-nfhotel.png\",\"width\":208,\"height\":69,\"caption\":\"NFHotel\"},\"image\":{\"@id\":\"https:\/\/nfhotel.pl\/#\/schema\/logo\/image\/\"}}]}<\/script>\n<!-- \/ Yoast SEO plugin. -->","yoast_head_json":{"title":"Integracja z drukark\u0105 Novitus - NFHotel","description":"Odkryj drukarki fiskalne Novitus do hotelu. Sprawd\u017a, jak integracja z NFHotel usprawnia obs\u0142ug\u0119 go\u015bci i automatycznie drukuje paragony do rezerwacji!","robots":{"index":"index","follow":"follow","max-snippet":"max-snippet:-1","max-image-preview":"max-image-preview:large","max-video-preview":"max-video-preview:-1"},"canonical":"https:\/\/nfhotel.pl\/de\/integracja-z-drukarka-novitus","og_locale":"de_DE","og_type":"article","og_title":"Integracja z drukark\u0105 Novitus - NFHotel","og_description":"Odkryj drukarki fiskalne Novitus do hotelu. Sprawd\u017a, jak integracja z NFHotel usprawnia obs\u0142ug\u0119 go\u015bci i automatycznie drukuje paragony do rezerwacji!","og_url":"https:\/\/nfhotel.pl\/de\/integracja-z-drukarka-novitus","og_site_name":"NFHotel","article_modified_time":"2024-11-29T14:22:33+00:00","twitter_card":"summary_large_image","schema":{"@context":"https:\/\/schema.org","@graph":[{"@type":"WebPage","@id":"https:\/\/nfhotel.pl\/integracja-z-drukarka-novitus","url":"https:\/\/nfhotel.pl\/integracja-z-drukarka-novitus","name":"Integracja z drukark\u0105 Novitus - NFHotel","isPartOf":{"@id":"https:\/\/nfhotel.pl\/#website"},"datePublished":"2024-11-27T14:55:41+00:00","dateModified":"2024-11-29T14:22:33+00:00","description":"Odkryj drukarki fiskalne Novitus do hotelu. Sprawd\u017a, jak integracja z NFHotel usprawnia obs\u0142ug\u0119 go\u015bci i automatycznie drukuje paragony do rezerwacji!","breadcrumb":{"@id":"https:\/\/nfhotel.pl\/integracja-z-drukarka-novitus#breadcrumb"},"inLanguage":"de","potentialAction":[{"@type":"ReadAction","target":["https:\/\/nfhotel.pl\/integracja-z-drukarka-novitus"]}]},{"@type":"BreadcrumbList","@id":"https:\/\/nfhotel.pl\/integracja-z-drukarka-novitus#breadcrumb","itemListElement":[{"@type":"ListItem","position":1,"name":"Strona g\u0142\u00f3wna","item":"https:\/\/nfhotel.pl\/"},{"@type":"ListItem","position":2,"name":"Integracja z drukark\u0105 Novitus"}]},{"@type":"WebSite","@id":"https:\/\/nfhotel.pl\/#website","url":"https:\/\/nfhotel.pl\/","name":"NFHotel","description":"Cloud-Hotel-Programm","publisher":{"@id":"https:\/\/nfhotel.pl\/#organization"},"potentialAction":[{"@type":"SearchAction","target":{"@type":"EntryPoint","urlTemplate":"https:\/\/nfhotel.pl\/?s={search_term_string}"},"query-input":{"@type":"PropertyValueSpecification","valueRequired":true,"valueName":"search_term_string"}}],"inLanguage":"de"},{"@type":"Organization","@id":"https:\/\/nfhotel.pl\/#organization","name":"NFHotel","url":"https:\/\/nfhotel.pl\/","logo":{"@type":"ImageObject","inLanguage":"de","@id":"https:\/\/nfhotel.pl\/#\/schema\/logo\/image\/","url":"https:\/\/nfhotel.pl\/wp-content\/uploads\/2020\/04\/logo-nfhotel.png","contentUrl":"https:\/\/nfhotel.pl\/wp-content\/uploads\/2020\/04\/logo-nfhotel.png","width":208,"height":69,"caption":"NFHotel"},"image":{"@id":"https:\/\/nfhotel.pl\/#\/schema\/logo\/image\/"}}]}},"_links":{"self":[{"href":"https:\/\/nfhotel.pl\/de\/wp-json\/wp\/v2\/pages\/5623","targetHints":{"allow":["GET"]}}],"collection":[{"href":"https:\/\/nfhotel.pl\/de\/wp-json\/wp\/v2\/pages"}],"about":[{"href":"https:\/\/nfhotel.pl\/de\/wp-json\/wp\/v2\/types\/page"}],"author":[{"embeddable":true,"href":"https:\/\/nfhotel.pl\/de\/wp-json\/wp\/v2\/users\/1"}],"replies":[{"embeddable":true,"href":"https:\/\/nfhotel.pl\/de\/wp-json\/wp\/v2\/comments?post=5623"}],"version-history":[{"count":4,"href":"https:\/\/nfhotel.pl\/de\/wp-json\/wp\/v2\/pages\/5623\/revisions"}],"predecessor-version":[{"id":5655,"href":"https:\/\/nfhotel.pl\/de\/wp-json\/wp\/v2\/pages\/5623\/revisions\/5655"}],"wp:attachment":[{"href":"https:\/\/nfhotel.pl\/de\/wp-json\/wp\/v2\/media?parent=5623"}],"curies":[{"name":"wp","href":"https:\/\/api.w.org\/{rel}","templated":true}]}}